{"id":1831,"date":"2022-05-11T09:01:24","date_gmt":"2022-05-11T09:01:24","guid":{"rendered":"https:\/\/miraihometextile.com\/%d8%a7%d8%aa%d8%b5%d8%a7%d9%84\/"},"modified":"2022-10-20T11:43:16","modified_gmt":"2022-10-20T11:43:16","slug":"%d8%a7%d8%aa%d8%b5%d8%a7%d9%84","status":"publish","type":"page","link":"https:\/\/miraihometextile.com\/ar\/%d8%a7%d8%aa%d8%b5%d8%a7%d9%84\/","title":{"rendered":"\u0627\u062a\u0635\u0627\u0644"},"content":{"rendered":"\t<div id=\"gap-1648330006\" class=\"gap-element clearfix\" style=\"display:block; height:auto;\">\n\t\t\n<style>\n#gap-1648330006 {\n  padding-top: 45px;\n}\n<\/style>\n\t<\/div>\n\t\n\n<div class=\"row\"  id=\"row-609864698\">\n\n\n\t<div id=\"col-935551788\" class=\"col medium-6 large-6\"  >\n\t\t<div class=\"col-inner\"  >\n\t\t\t\n\t\t\t\n\n<div class=\"container section-title-container\" ><h3 class=\"section-title section-title-normal\"><b><\/b><span class=\"section-title-main\" >\u0623\u0633\u0626\u0644\u0629<\/span><b><\/b><\/h3><\/div>\n\n<p class=\"lead\">\u0644\u0644\u0623\u0633\u0626\u0644\u0629 \u0627\u0644\u062a\u064a \u0644\u0627 \u062a\u062c\u062f \u0625\u062c\u0627\u0628\u0629 \u0644\u0647\u0627 \u060c \u064a\u0631\u062c\u0649 \u0627\u0644\u0643\u062a\u0627\u0628\u0629 \u0625\u0644\u064a\u0646\u0627 \u0639\u0628\u0631 \u0646\u0645\u0648\u0630\u062c \u0627\u0644\u0627\u062a\u0635\u0627\u0644.<\/p>\n<div class=\"accordion\" rel=\"\">\n\n<div class=\"accordion-item\"><a href=\"#\" class=\"accordion-title plain\"><button class=\"toggle\"><i class=\"icon-angle-down\"><\/i><\/button><span>\u0647\u0644 \u0647\u0646\u0627\u0643 \u0631\u0633\u0648\u0645 \u0634\u062d\u0646\u061f<\/span><\/a><div class=\"accordion-inner\">\n\n<p>\u0646\u0641\u0631\u0636 \u0631\u0633\u0648\u0645 \u0634\u062d\u0646 \u0628\u0642\u064a\u0645\u0629 35.00 \u062f\u0648\u0644\u0627\u0631\u064b\u0627 \u0623\u0645\u0631\u064a\u0643\u064a\u064b\u0627 \u0639\u0644\u0649 \u0637\u0644\u0628\u0627\u062a\u0643 \u0645\u0646 \u062e\u0644\u0627\u0644 \u0645\u062a\u062c\u0631\u0646\u0627 \u0639\u0628\u0631 \u0627\u0644\u0625\u0646\u062a\u0631\u0646\u062a.<\/p>\n\n<\/div><\/div>\n<div class=\"accordion-item\"><a href=\"#\" class=\"accordion-title plain\"><button class=\"toggle\"><i class=\"icon-angle-down\"><\/i><\/button><span>\u0645\u0627 \u0647\u064a \u062e\u064a\u0627\u0631\u0627\u062a \u0627\u0644\u062f\u0641\u0639 \u0627\u0644\u062a\u064a \u064a\u0645\u0643\u0646\u0646\u0627 \u0637\u0644\u0628\u0647\u0627\u061f<\/span><\/a><div class=\"accordion-inner\">\n\n<p>\u064a\u0645\u0643\u0646\u0643 \u0627\u0644\u062f\u0641\u0639 \u0628\u062c\u0645\u064a\u0639 \u0628\u0637\u0627\u0642\u0627\u062a \u0627\u0644\u062e\u0635\u0645 \u0648\u0627\u0644\u0627\u0626\u062a\u0645\u0627\u0646. \u0644\u064a\u0633 \u0644\u062f\u064a\u0646\u0627 \u062e\u062f\u0645\u0629 \u0627\u0644\u062f\u0641\u0639 \u0639\u0646\u062f \u0627\u0644\u0627\u0633\u062a\u0644\u0627\u0645.<\/p>\n\n<\/div><\/div>\n<div class=\"accordion-item\"><a href=\"#\" class=\"accordion-title plain\"><button class=\"toggle\"><i class=\"icon-angle-down\"><\/i><\/button><span>\u0643\u0645 \u064a\u0648\u0645\u0627 \u0647\u064a \u0623\u0648\u0642\u0627\u062a \u0627\u0644\u062a\u0633\u0644\u064a\u0645 \u0627\u0644\u062e\u0627\u0635\u0629 \u0628\u0643\u061f<\/span><\/a><div class=\"accordion-inner\">\n\n<p>\u0642\u062f \u062a\u062e\u062a\u0644\u0641 \u0623\u0648\u0642\u0627\u062a \u0627\u0644\u062a\u0633\u0644\u064a\u0645 \u0648\u0641\u0642\u064b\u0627 \u0644\u0644\u0645\u0646\u0627\u0637\u0642 \u060c \u064a\u0631\u062c\u0649 \u0645\u0631\u0627\u0633\u0644\u062a\u0646\u0627 \u0644\u0644\u062d\u0635\u0648\u0644 \u0639\u0644\u0649 \u0645\u0639\u0644\u0648\u0645\u0627\u062a \u0623\u0643\u062b\u0631 \u062a\u0641\u0635\u064a\u0644\u0627\u064b.<\/p>\n\n<\/div><\/div>\n<div class=\"accordion-item\"><a href=\"#\" class=\"accordion-title plain\"><button class=\"toggle\"><i class=\"icon-angle-down\"><\/i><\/button><span>\u0645\u0627 \u0645\u062f\u0649 \u0623\u0645\u0627\u0646 \u0627\u0644\u062a\u0633\u0648\u0642\u061f \u0647\u0644 \u0628\u064a\u0627\u0646\u0627\u062a\u064a \u0645\u062d\u0645\u064a\u0629\u061f<\/span><\/a><div class=\"accordion-inner\">\n\n<p>\u0646\u062d\u0646 \u0646\u0633\u062a\u062e\u062f\u0645 \u062a\u0642\u0646\u064a\u0629 \u0637\u0628\u0642\u0629 \u0645\u0622\u062e\u0630 \u0627\u0644\u062a\u0648\u0635\u064a\u0644 \u0627\u0644\u0622\u0645\u0646\u0629 (SSL) \u0644\u0636\u0645\u0627\u0646 \u0623\u0645\u0627\u0646 \u0645\u0639\u0644\u0648\u0645\u0627\u062a\u0643. \u0644\u0645 \u064a\u062a\u0645 \u0623\u062e\u0630 \u0645\u0639\u0644\u0648\u0645\u0627\u062a \u0628\u0637\u0627\u0642\u062a\u0643. \u064a\u062a\u0645 \u0625\u0631\u0633\u0627\u0644 \u0627\u0644\u0646\u0645\u0648\u0630\u062c \u0645\u0628\u0627\u0634\u0631\u0629 \u0628\u064a\u0646 \u0627\u0644\u0628\u0646\u0643 \u0627\u0644\u0630\u064a \u062a\u062a\u0639\u0627\u0645\u0644 \u0645\u0639\u0647 \u0648\u0646\u0638\u0627\u0645 \u0627\u0644\u062f\u0641\u0639.<\/p>\n\n<\/div><\/div>\n<div class=\"accordion-item\"><a href=\"#\" class=\"accordion-title plain\"><button class=\"toggle\"><i class=\"icon-angle-down\"><\/i><\/button><span>\u0643\u064a\u0641 \u0633\u0623\u062a\u062a\u0628\u0639 \u0637\u0644\u0628\u064a\u061f<\/span><\/a><div class=\"accordion-inner\">\n\n<p>\u064a\u0645\u0643\u0646\u0643 \u0645\u062a\u0627\u0628\u0639\u0629 \u0643\u0644 \u062e\u0637\u0648\u0629 \u0645\u0646 \u062e\u0637\u0648\u0627\u062a \u0637\u0644\u0628\u0643 \u0645\u0646 \u062e\u0644\u0627\u0644 \u0644\u0648\u062d\u0629 \u0627\u0644\u0645\u0633\u062a\u062e\u062f\u0645 \u0627\u0644\u062e\u0627\u0635\u0629 \u0628\u0643 \u0628\u0639\u062f \u0627\u0644\u0637\u0644\u0628.<\/p>\n\n<\/div><\/div>\n<div class=\"accordion-item\"><a href=\"#\" class=\"accordion-title plain\"><button class=\"toggle\"><i class=\"icon-angle-down\"><\/i><\/button><span>\u0643\u064a\u0641 \u0623\u0639\u064a\u062f \u0627\u0644\u0645\u0646\u062a\u062c\u0627\u062a \u0627\u0644\u062a\u064a \u0627\u0634\u062a\u0631\u064a\u062a\u0647\u0627\u061f<\/span><\/a><div class=\"accordion-inner\">\n\n<p>\u0648\u0641\u0642\u064b\u0627 \u0644\u0639\u0642\u062f \u0627\u0644\u0628\u064a\u0639 \u0644\u0645\u0633\u0627\u0641\u0627\u062a \u0637\u0648\u064a\u0644\u0629 \u060c \u064a\u062d\u0642 \u0644\u0643 \u0627\u0644\u0639\u0648\u062f\u0629 \u062f\u0648\u0646 \u0642\u064a\u062f \u0623\u0648 \u0634\u0631\u0637. \u064a\u0645\u0643\u0646\u0643 \u0625\u0643\u0645\u0627\u0644 \u0639\u0645\u0644\u064a\u0629 \u0627\u0644\u0625\u0631\u062c\u0627\u0639 \u0627\u0644\u062e\u0627\u0635\u0629 \u0628\u0643 \u0639\u0646 \u0637\u0631\u064a\u0642 \u0627\u0644\u0627\u062a\u0635\u0627\u0644 \u0628\u0646\u0627 \u0642\u0628\u0644 \u0627\u0644\u0639\u0648\u062f\u0629.<\/p>\n\n<\/div><\/div>\n\n<\/div>\n\n\t\t<\/div>\n\t\t\t<\/div>\n\n\t\n\n\t<div id=\"col-138124197\" class=\"col medium-6 large-6\"  >\n\t\t<div class=\"col-inner\"  >\n\t\t\t\n\t\t\t\n\n<div class=\"container section-title-container\" ><h3 class=\"section-title section-title-normal\"><b><\/b><span class=\"section-title-main\" >\u0625\u0630\u0627 \u0644\u0645 \u062a\u062a\u0644\u0642 \u0625\u062c\u0627\u0628\u0629 \u0639\u0644\u0649 \u0623\u0633\u0626\u0644\u062a\u0643 \u060c \u0641\u0627\u0643\u062a\u0628 \u0644\u0646\u0627!<\/span><b><\/b><\/h3><\/div>\n\n\n<div class=\"wpcf7 no-js\" id=\"wpcf7-f1958-o1\" lang=\"tr-TR\" dir=\"ltr\">\n<div class=\"screen-reader-response\"><p role=\"status\" aria-live=\"polite\" aria-atomic=\"true\"><\/p> <ul><\/ul><\/div>\n<form action=\"\/ar\/wp-json\/wp\/v2\/pages\/1831#wpcf7-f1958-o1\" method=\"post\" class=\"wpcf7-form init\" aria-label=\"\u0130leti\u015fim Formu\" novalidate=\"novalidate\" data-status=\"init\">\n<div style=\"display: none;\">\n<input type=\"hidden\" name=\"_wpcf7\" value=\"1958\" \/>\n<input type=\"hidden\" name=\"_wpcf7_version\" value=\"5.9.8\" \/>\n<input type=\"hidden\" name=\"_wpcf7_locale\" value=\"tr_TR\" \/>\n<input type=\"hidden\" name=\"_wpcf7_unit_tag\" value=\"wpcf7-f1958-o1\" \/>\n<input type=\"hidden\" name=\"_wpcf7_container_post\" value=\"0\" \/>\n<input type=\"hidden\" name=\"_wpcf7_posted_data_hash\" value=\"\" \/>\n<\/div>\n<div class=\"form-flat\">\n\t<p><span class=\"wpcf7-form-control-wrap\" data-name=\"your-name\"><input size=\"40\" maxlength=\"400\" class=\"wpcf7-form-control wpcf7-text wpcf7-validates-as-required\" aria-required=\"true\" aria-invalid=\"false\" placeholder=\"\u0627\u0633\u0645 \u0627\u0644\u0644\u0642\u0628\" value=\"\" type=\"text\" name=\"your-name\" \/><\/span>\n\t<\/p>\n\t<p><span class=\"wpcf7-form-control-wrap\" data-name=\"your-email\"><input size=\"40\" maxlength=\"400\" class=\"wpcf7-form-control wpcf7-email wpcf7-validates-as-required wpcf7-text wpcf7-validates-as-email\" aria-required=\"true\" aria-invalid=\"false\" placeholder=\"\u0639\u0646\u0648\u0627\u0646 \u0628\u0631\u064a\u062f\u0643 \u0627\u0644\u0625\u0644\u0643\u062a\u0631\u0648\u0646\u064a (\u0645\u0637\u0644\u0648\u0628)\" value=\"\" type=\"email\" name=\"your-email\" \/><\/span>\n\t<\/p>\n\t<p><span class=\"wpcf7-form-control-wrap\" data-name=\"tel-248\"><input size=\"40\" maxlength=\"400\" class=\"wpcf7-form-control wpcf7-tel wpcf7-text wpcf7-validates-as-tel\" id=\"1218\" aria-invalid=\"false\" placeholder=\"\u0647\u0627\u062a\u0641\" value=\"\" type=\"tel\" name=\"tel-248\" \/><\/span>\n\t<\/p>\n\t<p><span class=\"wpcf7-form-control-wrap\" data-name=\"your-message\"><textarea cols=\"40\" rows=\"10\" maxlength=\"2000\" class=\"wpcf7-form-control wpcf7-textarea\" aria-invalid=\"false\" placeholder=\"\u0631\u0633\u0627\u0644\u062a\u0643\" name=\"your-message\"><\/textarea><\/span>\n\t<\/p>\n\t<p><input class=\"wpcf7-form-control wpcf7-submit has-spinner button\" type=\"submit\" value=\"\u064a\u0631\u0633\u0644\" \/>\n\t<\/p>\n<\/div><div class=\"wpcf7-response-output\" aria-hidden=\"true\"><\/div>\n<\/form>\n<\/div>\n\n\n\t\t<\/div>\n\t\t\t<\/div>\n\n\t\n\n<\/div>\n<p>\u00a0<\/p>\n\t<section class=\"section\" id=\"section_1903083893\">\n\t\t<div class=\"bg section-bg fill bg-fill  bg-loaded\" >\n\n\t\t\t\n\t\t\t\n\t\t\t\n\n\t\t<\/div>\n\n\t\t<div class=\"section-content relative\">\n\t\t\t\n\n<div class=\"row row-collapse row-full-width align-middle\"  id=\"row-1511983710\">\n\n\n\t<div id=\"col-207455188\" class=\"col medium-12 small-12 large-4\"  >\n\t\t<div class=\"col-inner\"  >\n\t\t\t\n\t\t\t\n\n\n  <div class=\"banner has-hover\" id=\"banner-2110990562\">\n          <div class=\"banner-inner fill\">\n        <div class=\"banner-bg fill\" >\n            <div class=\"bg fill bg-fill \"><\/div>\n                                    \n                    <\/div>\n        <div class=\"banner-layers container\">\n            <div class=\"fill banner-link\"><\/div>            \n\n\n        <\/div>\n      <\/div>\n\n            \n<style>\n#banner-2110990562 {\n  padding-top: 75%;\n  background-color: rgb(255, 255, 255);\n}\n#banner-2110990562 .bg.bg-loaded {\n  background-image: url(https:\/\/miraihometextile.com\/wp-content\/uploads\/2021\/12\/244562186_3079193922366087_5633915020937812293_n.jpeg);\n}\n#banner-2110990562 .bg {\n  background-position: 28% 36%;\n}\n@media (min-width:550px) {\n  #banner-2110990562 {\n    padding-top: 500px;\n  }\n}\n<\/style>\n  <\/div>\n\n\n\n\t\t<\/div>\n\t\t\t<\/div>\n\n\t\n\n\t<div id=\"col-972879062\" class=\"col medium-12 small-12 large-4\"  >\n\t\t<div class=\"col-inner text-center\"  >\n\t\t\t\n\t\t\t\n\n\t<div id=\"text-589403761\" class=\"text\">\n\t\t\n\n<h2>Mirai Home Textile<\/h2>\n\t\t\n<style>\n#text-589403761 {\n  font-size: 1.3rem;\n}\n<\/style>\n\t<\/div>\n\t\n<p>Alt\u0131ntepsi mah. Tekin cad no 70 \u0130stanbul, T\u00fcrkiye<\/p>\n\ninfo@miraihometextile.com\n\t<div id=\"gap-1953205833\" class=\"gap-element clearfix\" style=\"display:block; height:auto;\">\n\t\t\n<style>\n#gap-1953205833 {\n  padding-top: 30px;\n}\n<\/style>\n\t<\/div>\n\t\n\n<div class=\"social-icons follow-icons\" ><a href=\"https:\/\/www.instagram.com\/miraihomeco\/\" target=\"_blank\" rel=\"noopener noreferrer nofollow\" data-label=\"Instagram\" class=\"icon button circle is-outline  instagram tooltip\" title=\"Follow on Instagram\"><i class=\"icon-instagram\" ><\/i><\/a><\/div>\n\n\n\t\t<\/div>\n\t\t\n<style>\n#col-972879062 > .col-inner {\n  padding: 50px 40px 40px 40px;\n}\n@media (min-width:550px) {\n  #col-972879062 > .col-inner {\n    padding: 70px 100px 50px 100px;\n  }\n}\n@media (min-width:850px) {\n  #col-972879062 > .col-inner {\n    padding: 70px 70px 30px 70px;\n  }\n}\n<\/style>\n\t<\/div>\n\n\t\n\n\t<div id=\"col-1862610442\" class=\"col medium-12 small-12 large-4\"  >\n\t\t<div class=\"col-inner\"  >\n\t\t\t\n\t\t\t\n\n\n  <div class=\"banner has-hover\" id=\"banner-1267024947\">\n          <div class=\"banner-inner fill\">\n        <div class=\"banner-bg fill\" >\n            <div class=\"bg fill bg-fill \"><\/div>\n                                    \n                    <\/div>\n        <div class=\"banner-layers container\">\n            <div class=\"fill banner-link\"><\/div>            \n\n\n        <\/div>\n      <\/div>\n\n            \n<style>\n#banner-1267024947 {\n  padding-top: 75%;\n  background-color: rgb(255, 255, 255);\n}\n#banner-1267024947 .bg.bg-loaded {\n  background-image: url(https:\/\/miraihometextile.com\/wp-content\/uploads\/2021\/12\/244533022_4343527269058616_3349897955076540191_n-640x800.jpeg);\n}\n#banner-1267024947 .bg {\n  background-position: 54% 35%;\n}\n@media (min-width:550px) {\n  #banner-1267024947 {\n    padding-top: 500px;\n  }\n}\n<\/style>\n  <\/div>\n\n\n\n\t\t<\/div>\n\t\t\t<\/div>\n\n\t\n\n<\/div>\n\n\t\t<\/div>\n\n\t\t\n<style>\n#section_1903083893 {\n  padding-top: 0px;\n  padding-bottom: 0px;\n}\n<\/style>\n\t<\/section>\n\t","protected":false},"excerpt":{"rendered":"","protected":false},"author":1,"featured_media":0,"parent":0,"menu_order":0,"comment_status":"closed","ping_status":"closed","template":"page-blank.php","meta":{"rank_math_lock_modified_date":false,"footnotes":""},"class_list":["post-1831","page","type-page","status-publish","hentry"],"_links":{"self":[{"href":"https:\/\/miraihometextile.com\/ar\/wp-json\/wp\/v2\/pages\/1831"}],"collection":[{"href":"https:\/\/miraihometextile.com\/ar\/wp-json\/wp\/v2\/pages"}],"about":[{"href":"https:\/\/miraihometextile.com\/ar\/wp-json\/wp\/v2\/types\/page"}],"author":[{"embeddable":true,"href":"https:\/\/miraihometextile.com\/ar\/wp-json\/wp\/v2\/users\/1"}],"replies":[{"embeddable":true,"href":"https:\/\/miraihometextile.com\/ar\/wp-json\/wp\/v2\/comments?post=1831"}],"version-history":[{"count":4,"href":"https:\/\/miraihometextile.com\/ar\/wp-json\/wp\/v2\/pages\/1831\/revisions"}],"predecessor-version":[{"id":2241,"href":"https:\/\/miraihometextile.com\/ar\/wp-json\/wp\/v2\/pages\/1831\/revisions\/2241"}],"wp:attachment":[{"href":"https:\/\/miraihometextile.com\/ar\/wp-json\/wp\/v2\/media?parent=1831"}],"curies":[{"name":"wp","href":"https:\/\/api.w.org\/{rel}","templated":true}]}}