{"id":2138,"date":"2022-04-13T19:16:57","date_gmt":"2022-04-13T19:16:57","guid":{"rendered":"https:\/\/miraihometextile.com\/bayi-basvurusu\/"},"modified":"2022-05-20T06:19:28","modified_gmt":"2022-05-20T06:19:28","slug":"%d8%aa%d8%b7%d8%a8%d9%8a%d9%82-%d8%a7%d9%84%d8%aa%d8%a7%d8%ac%d8%b1","status":"publish","type":"page","link":"https:\/\/miraihometextile.com\/ar\/%d8%aa%d8%b7%d8%a8%d9%8a%d9%82-%d8%a7%d9%84%d8%aa%d8%a7%d8%ac%d8%b1\/","title":{"rendered":"\u062a\u0637\u0628\u064a\u0642 \u0627\u0644\u062a\u0627\u062c\u0631"},"content":{"rendered":"\t<div id=\"gap-1952488889\" class=\"gap-element clearfix\" style=\"display:block; height:auto;\">\n\t\t\n<style>\n#gap-1952488889 {\n  padding-top: 45px;\n}\n<\/style>\n\t<\/div>\n\t\n\n<div class=\"row\"  id=\"row-655228985\">\n\n\n\t<div id=\"col-70552579\" class=\"col medium-6 large-6\"  >\n\t\t<div class=\"col-inner\"  >\n\t\t\t\n\t\t\t\n\n<div class=\"container section-title-container\" ><h3 class=\"section-title section-title-normal\"><b><\/b><span class=\"section-title-main\" >\u0643\u0646 \u0645\u0648\u0632\u0639\u0646\u0627<\/span><b><\/b><\/h3><\/div>\n\n<p class = \"lead\"> \u0628\u0635\u0641\u062a\u0643 \u0645\u0648\u0632\u0639\u064b\u0627 \u0644\u0646\u0627 \u060c \u064a\u0645\u0643\u0646\u0643 \u0628\u064a\u0639 \u0645\u0646\u062a\u062c\u0627\u062a\u0646\u0627 \u0641\u064a \u0645\u062a\u0627\u062c\u0631\u0643 \u0627\u0644\u062e\u0627\u0635\u0629. <\/ p>\n<p> \u0644\u0627 \u062a\u0633\u062a\u063a\u0631\u0642 \u0639\u0645\u0644\u064a\u0627\u062a \u0627\u0644\u0628\u064a\u0639 \u0627\u0644\u062e\u0627\u0635\u0629 \u0628\u0646\u0627 \u0648\u0642\u062a\u064b\u0627 \u0637\u0648\u064a\u0644\u0627\u064b. \u0633\u064a\u062a\u0645 \u0641\u062a\u062d \u062d\u0633\u0627\u0628 \u0645\u0633\u062a\u062e\u062f\u0645 \u062a\u0627\u062c\u0631 \u0644\u0644\u0634\u0631\u0643\u0627\u062a \u0627\u0644\u062a\u064a \u062a\u0645 \u062a\u062d\u062f\u064a\u062f \u0623\u0646\u0647\u0627 \u0645\u0646\u0627\u0633\u0628\u0629 \u0628\u0639\u062f \u0627\u0633\u062a\u0643\u0645\u0627\u0644 \u0646\u0645\u0648\u0630\u062c \u0637\u0644\u0628 \u0627\u0644\u0648\u0643\u0627\u0644\u0629. \u064a\u0645\u0643\u0646\u0643 \u062a\u0642\u062f\u064a\u0645 \u0637\u0644\u0628\u0627\u062a\u0643 \u0639\u0628\u0631 \u0627\u0644\u0625\u0646\u062a\u0631\u0646\u062a \u0645\u0646 \u062e\u0644\u0627\u0644 \u0647\u0630\u0647 \u0627\u0644\u0644\u0648\u062d\u0629 \u0648\u062a\u0648\u0641\u064a\u0631 \u0627\u0644\u0648\u0642\u062a. <\/ p>\n\n\t\t<\/div>\n\t\t\t<\/div>\n\n\t\n\n\t<div id=\"col-940710596\" class=\"col medium-6 large-6\"  >\n\t\t<div class=\"col-inner\"  >\n\t\t\t\n\t\t\t\n\n<div class=\"container section-title-container\" ><h3 class=\"section-title section-title-normal\"><b><\/b><span class=\"section-title-main\" >\u0627\u0633\u062a\u0645\u0627\u0631\u0629 \u0637\u0644\u0628 \u0627\u0644\u062a\u0627\u062c\u0631<\/span><b><\/b><\/h3><\/div>\n\n\n<div class=\"wpcf7 no-js\" id=\"wpcf7-f2137-o1\" lang=\"tr-TR\" dir=\"ltr\">\n<div class=\"screen-reader-response\"><p role=\"status\" aria-live=\"polite\" aria-atomic=\"true\"><\/p> <ul><\/ul><\/div>\n<form action=\"\/ar\/wp-json\/wp\/v2\/pages\/2138#wpcf7-f2137-o1\" method=\"post\" class=\"wpcf7-form init\" aria-label=\"\u0130leti\u015fim Formu\" novalidate=\"novalidate\" data-status=\"init\">\n<div style=\"display: none;\">\n<input type=\"hidden\" name=\"_wpcf7\" value=\"2137\" \/>\n<input type=\"hidden\" name=\"_wpcf7_version\" value=\"5.9.8\" \/>\n<input type=\"hidden\" name=\"_wpcf7_locale\" value=\"tr_TR\" \/>\n<input type=\"hidden\" name=\"_wpcf7_unit_tag\" value=\"wpcf7-f2137-o1\" \/>\n<input type=\"hidden\" name=\"_wpcf7_container_post\" value=\"0\" \/>\n<input type=\"hidden\" name=\"_wpcf7_posted_data_hash\" value=\"\" \/>\n<\/div>\n<div class=\"form-flat\">\n\t<p><span class=\"wpcf7-form-control-wrap\" data-name=\"your-name\"><input size=\"40\" maxlength=\"400\" class=\"wpcf7-form-control wpcf7-text wpcf7-validates-as-required\" aria-required=\"true\" aria-invalid=\"false\" placeholder=\"\u0627\u0633\u0645 \u0627\u0644\u0644\u0642\u0628\" value=\"\" type=\"text\" name=\"your-name\" \/><\/span>\n\t<\/p>\n\t<p><span class=\"wpcf7-form-control-wrap\" data-name=\"your-email\"><input size=\"40\" maxlength=\"400\" class=\"wpcf7-form-control wpcf7-email wpcf7-validates-as-required wpcf7-text wpcf7-validates-as-email\" aria-required=\"true\" aria-invalid=\"false\" placeholder=\"E-mail (\u0645\u0637\u0644\u0648\u0628)\" value=\"\" type=\"email\" name=\"your-email\" \/><\/span>\n\t<\/p>\n\t<p><span class=\"wpcf7-form-control-wrap\" data-name=\"tel-248\"><input size=\"40\" maxlength=\"400\" class=\"wpcf7-form-control wpcf7-tel wpcf7-text wpcf7-validates-as-tel\" id=\"1218\" aria-invalid=\"false\" placeholder=\"\u0647\u0627\u062a\u0641\" value=\"\" type=\"tel\" name=\"tel-248\" \/><\/span>\n\t<\/p>\n\t<p><span class=\"wpcf7-form-control-wrap\" data-name=\"text-259\"><input size=\"40\" maxlength=\"400\" class=\"wpcf7-form-control wpcf7-text\" aria-invalid=\"false\" placeholder=\"\u0639\u0646\u0648\u0627\u0646 \u0627\u0644\u0634\u0631\u0643\u0629\" value=\"\" type=\"text\" name=\"text-259\" \/><\/span>\n\t<\/p>\n\t<p><span class=\"wpcf7-form-control-wrap\" data-name=\"text-260\"><input size=\"40\" maxlength=\"400\" class=\"wpcf7-form-control wpcf7-text\" aria-invalid=\"false\" placeholder=\"\u0639\u0646\u0648\u0627\u0646 \u0627\u0644\u0634\u0631\u0643\u0629\" value=\"\" type=\"text\" name=\"text-260\" \/><\/span>\n\t<\/p>\n\t<p><span class=\"wpcf7-form-control-wrap\" data-name=\"number-751\"><input class=\"wpcf7-form-control wpcf7-number wpcf7-validates-as-number\" aria-invalid=\"false\" placeholder=\"\u0627\u0644\u0631\u0642\u0645 \u0627\u0644\u0636\u0631\u064a\u0628\u064a\" value=\"\" type=\"number\" name=\"number-751\" \/><\/span>\n\t<\/p>\n\t<p><span class=\"wpcf7-form-control-wrap\" data-name=\"your-message\"><textarea cols=\"40\" rows=\"10\" maxlength=\"2000\" class=\"wpcf7-form-control wpcf7-textarea\" aria-invalid=\"false\" placeholder=\"\u0645\u0644\u0627\u062d\u0638\u0627\u062a\u0643 \u0627\u0644\u0625\u0636\u0627\u0641\u064a\u0629\" name=\"your-message\"><\/textarea><\/span>\n\t<\/p>\n\t<p><input class=\"wpcf7-form-control wpcf7-submit has-spinner button\" type=\"submit\" value=\"\u0642\u062f\u0645 \u0627\u0644\u0622\u0646\" \/>\n\t<\/p>\n<\/div><div class=\"wpcf7-response-output\" aria-hidden=\"true\"><\/div>\n<\/form>\n<\/div>\n\n\n\t\t<\/div>\n\t\t\t<\/div>\n\n\t\n\n<\/div>\n<p>&nbsp;<\/p>\n\t<section class=\"section\" id=\"section_10907776\">\n\t\t<div class=\"bg section-bg fill bg-fill  bg-loaded\" >\n\n\t\t\t\n\t\t\t\n\t\t\t\n\n\t\t<\/div>\n\n\t\t<div class=\"section-content relative\">\n\t\t\t\n\n<div class=\"row row-collapse row-full-width align-middle\"  id=\"row-1190692792\">\n\n\n\t<div id=\"col-1674344761\" class=\"col medium-12 small-12 large-4\"  >\n\t\t<div class=\"col-inner\"  >\n\t\t\t\n\t\t\t\n\n\n  <div class=\"banner has-hover\" id=\"banner-253758814\">\n          <div class=\"banner-inner fill\">\n        <div class=\"banner-bg fill\" >\n            <div class=\"bg fill bg-fill \"><\/div>\n                                    \n                    <\/div>\n        <div class=\"banner-layers container\">\n            <div class=\"fill banner-link\"><\/div>            \n\n\n        <\/div>\n      <\/div>\n\n            \n<style>\n#banner-253758814 {\n  padding-top: 75%;\n  background-color: rgb(255, 255, 255);\n}\n#banner-253758814 .bg.bg-loaded {\n  background-image: url(https:\/\/miraihometextile.com\/wp-content\/uploads\/2022\/04\/nevresim-takim-casablanca-blue-wave-yastik-mirai-NTCB5674.JPG-1202x800.jpg);\n}\n#banner-253758814 .bg {\n  background-position: 39% 60%;\n}\n@media (min-width:550px) {\n  #banner-253758814 {\n    padding-top: 500px;\n  }\n}\n<\/style>\n  <\/div>\n\n\n\n\t\t<\/div>\n\t\t\t<\/div>\n\n\t\n\n\t<div id=\"col-1672761697\" class=\"col medium-12 small-12 large-4\"  >\n\t\t<div class=\"col-inner text-center\"  >\n\t\t\t\n\t\t\t\n\n\t<div id=\"text-1671621426\" class=\"text\">\n\t\t\n\n<h2>Mirai Home Textile<\/h2>\n\t\t\n<style>\n#text-1671621426 {\n  font-size: 1.3rem;\n}\n<\/style>\n\t<\/div>\n\t\n<p>Alt\u0131ntepsi mah. Tekin cad no 70 \u0130stanbul, T\u00fcrkiye<\/p>\n<div class=\"social-icons follow-icons\" ><a href=\"https:\/\/www.instagram.com\/miraihomeco\/\" target=\"_blank\" rel=\"noopener noreferrer nofollow\" data-label=\"Instagram\" class=\"icon button circle is-outline  instagram tooltip\" title=\"Follow on Instagram\"><i class=\"icon-instagram\" ><\/i><\/a><a href=\"mailto:mailto:info@miraihometextile.com\" data-label=\"E-mail\"  rel=\"nofollow\" class=\"icon button circle is-outline  email tooltip\" title=\"Send us an email\"><i class=\"icon-envelop\" ><\/i><\/a><\/div>\n\n\n\t\t<\/div>\n\t\t\n<style>\n#col-1672761697 > .col-inner {\n  padding: 50px 40px 40px 40px;\n}\n@media (min-width:550px) {\n  #col-1672761697 > .col-inner {\n    padding: 70px 100px 50px 100px;\n  }\n}\n@media (min-width:850px) {\n  #col-1672761697 > .col-inner {\n    padding: 70px 70px 30px 70px;\n  }\n}\n<\/style>\n\t<\/div>\n\n\t\n\n\t<div id=\"col-805694659\" class=\"col medium-12 small-12 large-4\"  >\n\t\t<div class=\"col-inner\"  >\n\t\t\t\n\t\t\t\n\n\n  <div class=\"banner has-hover\" id=\"banner-558689186\">\n          <div class=\"banner-inner fill\">\n        <div class=\"banner-bg fill\" >\n            <div class=\"bg fill bg-fill \"><\/div>\n                                    \n                    <\/div>\n        <div class=\"banner-layers container\">\n            <div class=\"fill banner-link\"><\/div>            \n\n\n        <\/div>\n      <\/div>\n\n            \n<style>\n#banner-558689186 {\n  padding-top: 75%;\n  background-color: rgb(255, 255, 255);\n}\n#banner-558689186 .bg.bg-loaded {\n  background-image: url(https:\/\/miraihometextile.com\/wp-content\/uploads\/2022\/04\/nevresim-takim-bodrum-begie-mirai-NTBB5644-1202x800.jpg);\n}\n#banner-558689186 .bg {\n  background-position: 60% 78%;\n}\n@media (min-width:550px) {\n  #banner-558689186 {\n    padding-top: 500px;\n  }\n}\n<\/style>\n  <\/div>\n\n\n\n\t\t<\/div>\n\t\t\t<\/div>\n\n\t\n\n<\/div>\n\n\t\t<\/div>\n\n\t\t\n<style>\n#section_10907776 {\n  padding-top: 0px;\n  padding-bottom: 0px;\n}\n<\/style>\n\t<\/section>\n\t","protected":false},"excerpt":{"rendered":"","protected":false},"author":1,"featured_media":0,"parent":0,"menu_order":0,"comment_status":"closed","ping_status":"closed","template":"page-blank.php","meta":{"rank_math_lock_modified_date":false,"footnotes":""},"class_list":["post-2138","page","type-page","status-publish","hentry"],"_links":{"self":[{"href":"https:\/\/miraihometextile.com\/ar\/wp-json\/wp\/v2\/pages\/2138"}],"collection":[{"href":"https:\/\/miraihometextile.com\/ar\/wp-json\/wp\/v2\/pages"}],"about":[{"href":"https:\/\/miraihometextile.com\/ar\/wp-json\/wp\/v2\/types\/page"}],"author":[{"embeddable":true,"href":"https:\/\/miraihometextile.com\/ar\/wp-json\/wp\/v2\/users\/1"}],"replies":[{"embeddable":true,"href":"https:\/\/miraihometextile.com\/ar\/wp-json\/wp\/v2\/comments?post=2138"}],"version-history":[{"count":6,"href":"https:\/\/miraihometextile.com\/ar\/wp-json\/wp\/v2\/pages\/2138\/revisions"}],"predecessor-version":[{"id":2145,"href":"https:\/\/miraihometextile.com\/ar\/wp-json\/wp\/v2\/pages\/2138\/revisions\/2145"}],"wp:attachment":[{"href":"https:\/\/miraihometextile.com\/ar\/wp-json\/wp\/v2\/media?parent=2138"}],"curies":[{"name":"wp","href":"https:\/\/api.w.org\/{rel}","templated":true}]}}